{"id":35,"date":"2026-01-24T11:12:38","date_gmt":"2026-01-24T11:12:38","guid":{"rendered":"http:\/\/haerenga-voyage.com\/index.php\/page-de-contact\/"},"modified":"2026-03-19T15:06:36","modified_gmt":"2026-03-19T15:06:36","slug":"contact-travel-planner","status":"publish","type":"page","link":"https:\/\/haerenga-voyage.com\/index.php\/contact-travel-planner\/","title":{"rendered":"Contact \u2013 Haerenga Voyage &#8211; Travel planner bas\u00e9e au Havre"},"content":{"rendered":"\n<p class=\"has-text-align-center\">Vous avez un projet de voyage en Angleterre ou ailleurs ?<br>Je vous accompagne dans l\u2019organisation de votre s\u00e9jour sur mesure.<\/p>\n\n\n\n<p class=\"has-text-align-center\">Vous pouvez me contacter via ce formulaire ou r\u00e9server un appel d\u00e9couverte.<\/p>\n\n\n\n<div id=\"wp-block-themeisle-blocks-advanced-columns-40db0924\" class=\"wp-block-themeisle-blocks-advanced-columns alignfull has-2-columns has-desktop-equal-layout has-tablet-equal-layout has-mobile-collapsedRows-layout has-vertical-top ticss-c00aadba\"><div class=\"wp-block-themeisle-blocks-advanced-columns-overlay\"><\/div><div class=\"innerblocks-wrap\">\n<div id=\"wp-block-themeisle-blocks-advanced-column-006aede9\" class=\"wp-block-themeisle-blocks-advanced-column\">\n<div id=\"wp-block-themeisle-blocks-font-awesome-icons-2b7e7997\" class=\"wp-block-themeisle-blocks-font-awesome-icons\"><span class=\"wp-block-themeisle-blocks-font-awesome-icons-container\"><svg xmlns=\"http:\/\/www.w3.org\/2000\/svg\" viewBox=\"0 0 1800 1800\"><path d=\"M531.087,344.727c0.247,0,0.492,0.033,0.739,0.033h453.558c16.819,0,30.444-13.625,30.444-30.436 c0-16.815-13.625-30.435-30.444-30.435H638.226H531.826c-16.811,0-30.44,13.62-30.44,30.435 C501.386,330.885,514.624,344.331,531.087,344.727z\"><\/path><path d=\"M531.826,497.389h749.422c16.814,0,30.443-13.629,30.443-30.439c0-16.814-13.629-30.439-30.443-30.439 H531.826c-16.811,0-30.44,13.625-30.44,30.439C501.386,483.76,515.016,497.389,531.826,497.389z\"><\/path><path d=\"M531.826,650.009h749.422c16.814,0,30.443-13.633,30.443-30.444c0-8.872-3.822-16.827-9.877-22.389 c-5.424-4.982-12.625-8.046-20.566-8.046H531.826c-7.938,0-15.143,3.064-20.567,8.046c-6.054,5.562-9.873,13.517-9.873,22.389 C501.386,636.376,515.016,650.009,531.826,650.009z\"><\/path><path d=\"M1311.691,772.194c0-16.806-13.629-30.436-30.443-30.436H531.826c-16.811,0-30.44,13.629-30.44,30.436 c0,16.815,13.629,30.444,30.44,30.444h749.422C1298.063,802.638,1311.691,789.009,1311.691,772.194z\"><\/path><path d=\"M1772.088,533.511c-2.481-3.422-5.691-6.4-9.603-8.622l-246.454-139.961v-82.389v-9.853 c-1.264-7.738-5.432-14.501-11.406-19.066l-49.465-42.835l-131.073-113.508l-61.889-53.596c-5.286-4.582-11.866-7.021-18.591-7.275 h-2.197H937.55h-66.904H383.746c-47.809,0-86.705,38.895-86.705,86.696V382.15L61.554,515.893 c-31.678,11.565-54.396,41.913-54.396,77.54v1067.543c0,45.554,37.064,82.618,82.622,82.618h1625.598 c45.558,0,82.623-37.064,82.623-82.618V593.433C1798,569.839,1788.002,548.583,1772.088,533.511z M1614.426,510.814l92.579,52.583 l-11.661,8.301l-179.313,127.664V571.698v-60.883v-55.873L1614.426,510.814z M1405.5,267.454h-132.895V152.361L1405.5,267.454z M357.922,571.698v-60.883v-93.226v-70.01V143.102c0-14.239,11.585-25.825,25.824-25.825h379.699H886.73h34.734h123.285h167.617 v180.296c0,16.631,13.483,30.11,30.119,30.11h212.674v22.668v70.015v90.448v60.883V742.7l-397.298,282.87l-50.781,36.148 l-18.591,13.241l-81.088,57.728l-81.093-57.728l-18.611-13.25l-50.782-36.155L357.922,741.483V571.698z M193.76,510.814 l103.281-58.649v58.649v60.883V698.14L119.448,571.698l-14.597-10.395L193.76,510.814z M68.036,1648.984V609.822l229.005,163.047 l60.88,43.344L710.7,1067.38l-8.372,7.58l-67.267,60.871L68.036,1648.984z M121.495,1682.723l604.294-546.892l35.693-32.304 l45.37,32.304l82.897,59.028c5.283,3.76,11.462,5.637,17.653,5.637c6.187,0,12.369-1.877,17.652-5.637l82.889-59.028l45.354-32.286 l35.686,32.286l604.311,546.892H121.495z M1737.119,1640.271l-557.41-504.439l-67.267-60.871l-8.359-7.563l351.077-249.962 l60.871-43.348l221.088-157.407V1640.271z\"><\/path><\/svg><\/span><\/div>\n\n\n\n<h2 id=\"wp-block-themeisle-blocks-advanced-heading-8e35b90f\" class=\"wp-block-themeisle-blocks-advanced-heading wp-block-themeisle-blocks-advanced-heading-8e35b90f\">Restons en contact !<\/h2>\n\n\n\n<p><strong>Ana\u00efs \u2013 Haerenga Voyage<\/strong><\/p>\n\n\n\n<p>+33 6 15 71 14 20<\/p>\n\n\n\n<p>contact@haerenga-voyage.com<\/p>\n\n\n\n<p>Bas\u00e9e au Havre, je propose un accompagnement \u00e0 distance.<strong><br><br><strong>retrouvez-moi sur les r\u00e9seaux<\/strong><\/strong><\/p>\n\n\n\n<ul class=\"wp-block-social-links has-large-icon-size is-style-logos-only is-layout-flex wp-block-social-links-is-layout-flex\"><li class=\"wp-social-link wp-social-link-facebook  wp-block-social-link\"><a href=\"https:\/\/www.facebook.com\/profile.php?id=61567282122041\" class=\"wp-block-social-link-anchor\"><svg width=\"24\" height=\"24\" viewBox=\"0 0 24 24\" version=\"1.1\" xmlns=\"http:\/\/www.w3.org\/2000\/svg\" aria-hidden=\"true\" focusable=\"false\"><path d=\"M12 2C6.5 2 2 6.5 2 12c0 5 3.7 9.1 8.4 9.9v-7H7.9V12h2.5V9.8c0-2.5 1.5-3.9 3.8-3.9 1.1 0 2.2.2 2.2.2v2.5h-1.3c-1.2 0-1.6.8-1.6 1.6V12h2.8l-.4 2.9h-2.3v7C18.3 21.1 22 17 22 12c0-5.5-4.5-10-10-10z\"><\/path><\/svg><span class=\"wp-block-social-link-label screen-reader-text\">Facebook<\/span><\/a><\/li>\n\n<li class=\"wp-social-link wp-social-link-instagram  wp-block-social-link\"><a href=\"https:\/\/www.instagram.com\/haerengavoyage\/\" class=\"wp-block-social-link-anchor\"><svg width=\"24\" height=\"24\" viewBox=\"0 0 24 24\" version=\"1.1\" xmlns=\"http:\/\/www.w3.org\/2000\/svg\" aria-hidden=\"true\" focusable=\"false\"><path d=\"M12,4.622c2.403,0,2.688,0.009,3.637,0.052c0.877,0.04,1.354,0.187,1.671,0.31c0.42,0.163,0.72,0.358,1.035,0.673 c0.315,0.315,0.51,0.615,0.673,1.035c0.123,0.317,0.27,0.794,0.31,1.671c0.043,0.949,0.052,1.234,0.052,3.637 s-0.009,2.688-0.052,3.637c-0.04,0.877-0.187,1.354-0.31,1.671c-0.163,0.42-0.358,0.72-0.673,1.035 c-0.315,0.315-0.615,0.51-1.035,0.673c-0.317,0.123-0.794,0.27-1.671,0.31c-0.949,0.043-1.233,0.052-3.637,0.052 s-2.688-0.009-3.637-0.052c-0.877-0.04-1.354-0.187-1.671-0.31c-0.42-0.163-0.72-0.358-1.035-0.673 c-0.315-0.315-0.51-0.615-0.673-1.035c-0.123-0.317-0.27-0.794-0.31-1.671C4.631,14.688,4.622,14.403,4.622,12 s0.009-2.688,0.052-3.637c0.04-0.877,0.187-1.354,0.31-1.671c0.163-0.42,0.358-0.72,0.673-1.035 c0.315-0.315,0.615-0.51,1.035-0.673c0.317-0.123,0.794-0.27,1.671-0.31C9.312,4.631,9.597,4.622,12,4.622 M12,3 C9.556,3,9.249,3.01,8.289,3.054C7.331,3.098,6.677,3.25,6.105,3.472C5.513,3.702,5.011,4.01,4.511,4.511 c-0.5,0.5-0.808,1.002-1.038,1.594C3.25,6.677,3.098,7.331,3.054,8.289C3.01,9.249,3,9.556,3,12c0,2.444,0.01,2.751,0.054,3.711 c0.044,0.958,0.196,1.612,0.418,2.185c0.23,0.592,0.538,1.094,1.038,1.594c0.5,0.5,1.002,0.808,1.594,1.038 c0.572,0.222,1.227,0.375,2.185,0.418C9.249,20.99,9.556,21,12,21s2.751-0.01,3.711-0.054c0.958-0.044,1.612-0.196,2.185-0.418 c0.592-0.23,1.094-0.538,1.594-1.038c0.5-0.5,0.808-1.002,1.038-1.594c0.222-0.572,0.375-1.227,0.418-2.185 C20.99,14.751,21,14.444,21,12s-0.01-2.751-0.054-3.711c-0.044-0.958-0.196-1.612-0.418-2.185c-0.23-0.592-0.538-1.094-1.038-1.594 c-0.5-0.5-1.002-0.808-1.594-1.038c-0.572-0.222-1.227-0.375-2.185-0.418C14.751,3.01,14.444,3,12,3L12,3z M12,7.378 c-2.552,0-4.622,2.069-4.622,4.622S9.448,16.622,12,16.622s4.622-2.069,4.622-4.622S14.552,7.378,12,7.378z M12,15 c-1.657,0-3-1.343-3-3s1.343-3,3-3s3,1.343,3,3S13.657,15,12,15z M16.804,6.116c-0.596,0-1.08,0.484-1.08,1.08 s0.484,1.08,1.08,1.08c0.596,0,1.08-0.484,1.08-1.08S17.401,6.116,16.804,6.116z\"><\/path><\/svg><span class=\"wp-block-social-link-label screen-reader-text\">Instagram<\/span><\/a><\/li>\n\n<li class=\"wp-social-link wp-social-link-linkedin  wp-block-social-link\"><a href=\"https:\/\/www.linkedin.com\/in\/anais-autrive-travel-planner\/\" class=\"wp-block-social-link-anchor\"><svg width=\"24\" height=\"24\" viewBox=\"0 0 24 24\" version=\"1.1\" xmlns=\"http:\/\/www.w3.org\/2000\/svg\" aria-hidden=\"true\" focusable=\"false\"><path d=\"M19.7,3H4.3C3.582,3,3,3.582,3,4.3v15.4C3,20.418,3.582,21,4.3,21h15.4c0.718,0,1.3-0.582,1.3-1.3V4.3 C21,3.582,20.418,3,19.7,3z M8.339,18.338H5.667v-8.59h2.672V18.338z M7.004,8.574c-0.857,0-1.549-0.694-1.549-1.548 c0-0.855,0.691-1.548,1.549-1.548c0.854,0,1.547,0.694,1.547,1.548C8.551,7.881,7.858,8.574,7.004,8.574z M18.339,18.338h-2.669 v-4.177c0-0.996-0.017-2.278-1.387-2.278c-1.389,0-1.601,1.086-1.601,2.206v4.249h-2.667v-8.59h2.559v1.174h0.037 c0.356-0.675,1.227-1.387,2.526-1.387c2.703,0,3.203,1.779,3.203,4.092V18.338z\"><\/path><\/svg><span class=\"wp-block-social-link-label screen-reader-text\">LinkedIn<\/span><\/a><\/li><\/ul>\n<\/div>\n\n\n\n<div id=\"wp-block-themeisle-blocks-advanced-column-ee3078f9\" class=\"wp-block-themeisle-blocks-advanced-column\">\n<div id=\"wp-block-themeisle-blocks-form-c02278c7\" class=\"wp-block-themeisle-blocks-form\" data-option-name=\"bf9b28ff82ce323187abc5d0feb0d8f07ecd8436_c02278c7\"><form class=\"otter-form__container\">\n<div id=\"wp-block-themeisle-blocks-form-input-b7bbe5bf\" class=\"wp-block-themeisle-blocks-form-input\"><label for=\"wp-block-themeisle-blocks-form-input-b7bbe5bf-input\" class=\"otter-form-input-label\"><span class=\"otter-form-input-label__label\">Pr\u00e9nom<\/span><span class=\"required\">*<\/span><\/label><input type=\"text\" id=\"wp-block-themeisle-blocks-form-input-b7bbe5bf-input\" required class=\"otter-form-input\"\/><\/div>\n\n\n\n<div id=\"wp-block-themeisle-blocks-form-input-6cf151a8\" class=\"wp-block-themeisle-blocks-form-input\"><label for=\"wp-block-themeisle-blocks-form-input-6cf151a8-input\" class=\"otter-form-input-label\"><span class=\"otter-form-input-label__label\">Email<\/span><span class=\"required\">*<\/span><\/label><input type=\"email\" id=\"wp-block-themeisle-blocks-form-input-6cf151a8-input\" required class=\"otter-form-input\"\/><\/div>\n\n\n\n<div id=\"wp-block-themeisle-blocks-form-textarea-516ebef1\" class=\"wp-block-themeisle-blocks-form-textarea\"><label for=\"wp-block-themeisle-blocks-form-textarea-516ebef1-input\" class=\"otter-form-textarea-label\"><span class=\"otter-form-textarea-label__label\">Message<\/span><\/label><textarea id=\"wp-block-themeisle-blocks-form-textarea-516ebef1-input\" rows=\"10\" class=\"otter-form-textarea-input\"><\/textarea><\/div>\n\n\n\n<p class=\"has-text-align-center has-extra-small-font-size\"><em>Les informations que vous me transmettez sont utilis\u00e9es uniquement pour vous r\u00e9pondre et resteront strictement confidentielles.<\/em><\/p>\n\n\n<div class=\"protection\" aria-hidden=\"true\"><input type=\"hidden\" id=\"wp-block-themeisle-blocks-form-c02278c7_nonce_field\" name=\"wp-block-themeisle-blocks-form-c02278c7_nonce_field\" value=\"2b0d1ab802\" \/><input type=\"hidden\" name=\"_wp_http_referer\" value=\"\/index.php\/wp-json\/wp\/v2\/pages\/35\" \/><input class=\"o-anti-bot\" type=\"checkbox\"><\/div><div class=\"wp-block-button\"><button class=\"wp-block-button__link\" type=\"submit\">Submit<\/button><\/div><\/form><\/div>\n<\/div>\n<\/div><\/div>\n\n\n\n<div class=\"wp-block-group alignfull has-raft-bg-alt-background-color has-background is-layout-constrained wp-container-core-group-is-layout-ca21e7af wp-block-group-is-layout-constrained\" style=\"margin-top:0;margin-bottom:0;padding-top:var(--wp--preset--spacing--80);padding-right:var(--wp--preset--spacing--40);padding-bottom:var(--wp--preset--spacing--80);padding-left:var(--wp--preset--spacing--40)\">\n<!-- D\u00e9but de widget en ligne Calendly -->\n<div class=\"calendly-inline-widget\" data-url=\"https:\/\/calendly.com\/contact-haerenga-voyage\/appel-decouverte-gratuit?hide_event_type_details=1&#038;hide_gdpr_banner=1\" style=\"min-width:320px;height:700px;\"><\/div>\n<script type=\"text\/javascript\" src=\"https:\/\/assets.calendly.com\/assets\/external\/widget.js\" async><\/script>\n<!-- Fin de widget en ligne Calendly -->\n\n\n\n<div id=\"wp-block-themeisle-blocks-advanced-columns-ff5f6c40\" class=\"wp-block-themeisle-blocks-advanced-columns alignfull has-1-columns has-desktop-equal-layout has-tablet-equal-layout has-mobile-collapsedRows-layout has-vertical-center ticss-c00aadba\"><div class=\"wp-block-themeisle-blocks-advanced-columns-overlay\"><\/div><div class=\"innerblocks-wrap\">\n<div id=\"wp-block-themeisle-blocks-advanced-column-181de0bf\" class=\"wp-block-themeisle-blocks-advanced-column\">\n<p class=\"has-text-align-center has-32-font-size\"><strong>\u00e0 tr\u00e8s vite, Ana\u00efs<\/strong><\/p>\n\n\n\n<figure class=\"wp-block-image aligncenter size-full is-resized is-style-rounded\"><img loading=\"lazy\" decoding=\"async\" width=\"1200\" height=\"1200\" src=\"https:\/\/haerenga-voyage.com\/wp-content\/uploads\/2026\/01\/retouche-photo-1.png\" alt=\"\" class=\"wp-image-198\" style=\"width:180px;height:181px\" srcset=\"https:\/\/haerenga-voyage.com\/wp-content\/uploads\/2026\/01\/retouche-photo-1.png 1200w, https:\/\/haerenga-voyage.com\/wp-content\/uploads\/2026\/01\/retouche-photo-1-300x300.png 300w, https:\/\/haerenga-voyage.com\/wp-content\/uploads\/2026\/01\/retouche-photo-1-1024x1024.png 1024w, https:\/\/haerenga-voyage.com\/wp-content\/uploads\/2026\/01\/retouche-photo-1-150x150.png 150w, https:\/\/haerenga-voyage.com\/wp-content\/uploads\/2026\/01\/retouche-photo-1-768x768.png 768w\" sizes=\"auto, (max-width: 1200px) 100vw, 1200px\" \/><\/figure>\n<\/div>\n<\/div><\/div>\n<\/div>\n","protected":false},"excerpt":{"rendered":"<p>Vous avez un projet de voyage en Angleterre ou ailleurs ?Je vous accompagne dans l\u2019organisation de votre s\u00e9jour sur mesure. Vous pouvez me contacter via ce formulaire ou r\u00e9server un appel d\u00e9couverte.<\/p>\n","protected":false},"author":1,"featured_media":0,"parent":0,"menu_order":0,"comment_status":"closed","ping_status":"closed","template":"template-plain","meta":{"_themeisle_gutenberg_block_has_review":false,"iawp_total_views":28,"footnotes":""},"class_list":["post-35","page","type-page","status-publish","hentry"],"yoast_head":"<!-- This site is optimized with the Yoast SEO plugin v27.3 - https:\/\/yoast.com\/product\/yoast-seo-wordpress\/ -->\n<title>Contact \u2013 Haerenga Voyage - Travel planner bas\u00e9e au Havre - Haerenga Voyage<\/title>\n<meta name=\"description\" content=\"Contactez votre travel planner pour organiser votre voyage sur mesure. R\u00e9ponse rapide et accompagnement personnalis\u00e9.\" \/>\n<meta name=\"robots\" content=\"index, follow, max-snippet:-1, max-image-preview:large, max-video-preview:-1\" \/>\n<link rel=\"canonical\" href=\"https:\/\/haerenga-voyage.com\/index.php\/contact-travel-planner\/\" \/>\n<meta property=\"og:locale\" content=\"fr_FR\" \/>\n<meta property=\"og:type\" content=\"article\" \/>\n<meta property=\"og:title\" content=\"Contact \u2013 Haerenga Voyage - Travel planner bas\u00e9e au Havre - Haerenga Voyage\" \/>\n<meta property=\"og:description\" content=\"Contactez votre travel planner pour organiser votre voyage sur mesure. R\u00e9ponse rapide et accompagnement personnalis\u00e9.\" \/>\n<meta property=\"og:url\" content=\"https:\/\/haerenga-voyage.com\/index.php\/contact-travel-planner\/\" \/>\n<meta property=\"og:site_name\" content=\"Haerenga Voyage\" \/>\n<meta property=\"article:publisher\" content=\"https:\/\/www.facebook.com\/profile.php?id=61567282122041\" \/>\n<meta property=\"article:modified_time\" content=\"2026-03-19T15:06:36+00:00\" \/>\n<meta property=\"og:image\" content=\"https:\/\/haerenga-voyage.com\/wp-content\/uploads\/2026\/01\/retouche-photo-1-1024x1024.png\" \/>\n\t<meta property=\"og:image:width\" content=\"1024\" \/>\n\t<meta property=\"og:image:height\" content=\"1024\" \/>\n\t<meta property=\"og:image:type\" content=\"image\/png\" \/>\n<meta name=\"twitter:card\" content=\"summary_large_image\" \/>\n<meta name=\"twitter:label1\" content=\"Dur\u00e9e de lecture estim\u00e9e\" \/>\n\t<meta name=\"twitter:data1\" content=\"1 minute\" \/>\n<script type=\"application\/ld+json\" class=\"yoast-schema-graph\">{\"@context\":\"https:\\\/\\\/schema.org\",\"@graph\":[{\"@type\":\"WebPage\",\"@id\":\"https:\\\/\\\/haerenga-voyage.com\\\/index.php\\\/contact-travel-planner\\\/\",\"url\":\"https:\\\/\\\/haerenga-voyage.com\\\/index.php\\\/contact-travel-planner\\\/\",\"name\":\"Contact \u2013 Haerenga Voyage - Travel planner bas\u00e9e au Havre - Haerenga Voyage\",\"isPartOf\":{\"@id\":\"https:\\\/\\\/haerenga-voyage.com\\\/#website\"},\"primaryImageOfPage\":{\"@id\":\"https:\\\/\\\/haerenga-voyage.com\\\/index.php\\\/contact-travel-planner\\\/#primaryimage\"},\"image\":{\"@id\":\"https:\\\/\\\/haerenga-voyage.com\\\/index.php\\\/contact-travel-planner\\\/#primaryimage\"},\"thumbnailUrl\":\"https:\\\/\\\/haerenga-voyage.com\\\/wp-content\\\/uploads\\\/2026\\\/01\\\/retouche-photo-1.png\",\"datePublished\":\"2026-01-24T11:12:38+00:00\",\"dateModified\":\"2026-03-19T15:06:36+00:00\",\"description\":\"Contactez votre travel planner pour organiser votre voyage sur mesure. R\u00e9ponse rapide et accompagnement personnalis\u00e9.\",\"breadcrumb\":{\"@id\":\"https:\\\/\\\/haerenga-voyage.com\\\/index.php\\\/contact-travel-planner\\\/#breadcrumb\"},\"inLanguage\":\"fr-FR\",\"potentialAction\":[{\"@type\":\"ReadAction\",\"target\":[\"https:\\\/\\\/haerenga-voyage.com\\\/index.php\\\/contact-travel-planner\\\/\"]}]},{\"@type\":\"ImageObject\",\"inLanguage\":\"fr-FR\",\"@id\":\"https:\\\/\\\/haerenga-voyage.com\\\/index.php\\\/contact-travel-planner\\\/#primaryimage\",\"url\":\"https:\\\/\\\/haerenga-voyage.com\\\/wp-content\\\/uploads\\\/2026\\\/01\\\/retouche-photo-1.png\",\"contentUrl\":\"https:\\\/\\\/haerenga-voyage.com\\\/wp-content\\\/uploads\\\/2026\\\/01\\\/retouche-photo-1.png\",\"width\":1200,\"height\":1200},{\"@type\":\"BreadcrumbList\",\"@id\":\"https:\\\/\\\/haerenga-voyage.com\\\/index.php\\\/contact-travel-planner\\\/#breadcrumb\",\"itemListElement\":[{\"@type\":\"ListItem\",\"position\":1,\"name\":\"Accueil\",\"item\":\"https:\\\/\\\/haerenga-voyage.com\\\/\"},{\"@type\":\"ListItem\",\"position\":2,\"name\":\"Contact \u2013 Haerenga Voyage &#8211; Travel planner bas\u00e9e au Havre\"}]},{\"@type\":\"WebSite\",\"@id\":\"https:\\\/\\\/haerenga-voyage.com\\\/#website\",\"url\":\"https:\\\/\\\/haerenga-voyage.com\\\/\",\"name\":\"Haerenga Voyage\",\"description\":\"Pour que chaque voyage compte\",\"publisher\":{\"@id\":\"https:\\\/\\\/haerenga-voyage.com\\\/#organization\"},\"potentialAction\":[{\"@type\":\"SearchAction\",\"target\":{\"@type\":\"EntryPoint\",\"urlTemplate\":\"https:\\\/\\\/haerenga-voyage.com\\\/?s={search_term_string}\"},\"query-input\":{\"@type\":\"PropertyValueSpecification\",\"valueRequired\":true,\"valueName\":\"search_term_string\"}}],\"inLanguage\":\"fr-FR\"},{\"@type\":\"Organization\",\"@id\":\"https:\\\/\\\/haerenga-voyage.com\\\/#organization\",\"name\":\"Haerenga Voyage\",\"url\":\"https:\\\/\\\/haerenga-voyage.com\\\/\",\"logo\":{\"@type\":\"ImageObject\",\"inLanguage\":\"fr-FR\",\"@id\":\"https:\\\/\\\/haerenga-voyage.com\\\/#\\\/schema\\\/logo\\\/image\\\/\",\"url\":\"https:\\\/\\\/haerenga-voyage.com\\\/wp-content\\\/uploads\\\/2026\\\/01\\\/Logo-principal-foral-mist.png\",\"contentUrl\":\"https:\\\/\\\/haerenga-voyage.com\\\/wp-content\\\/uploads\\\/2026\\\/01\\\/Logo-principal-foral-mist.png\",\"width\":1000,\"height\":1000,\"caption\":\"Haerenga Voyage\"},\"image\":{\"@id\":\"https:\\\/\\\/haerenga-voyage.com\\\/#\\\/schema\\\/logo\\\/image\\\/\"},\"sameAs\":[\"https:\\\/\\\/www.facebook.com\\\/profile.php?id=61567282122041\",\"https:\\\/\\\/www.instagram.com\\\/haerengavoyage\"]}]}<\/script>\n<!-- \/ Yoast SEO plugin. -->","yoast_head_json":{"title":"Contact \u2013 Haerenga Voyage - Travel planner bas\u00e9e au Havre - Haerenga Voyage","description":"Contactez votre travel planner pour organiser votre voyage sur mesure. R\u00e9ponse rapide et accompagnement personnalis\u00e9.","robots":{"index":"index","follow":"follow","max-snippet":"max-snippet:-1","max-image-preview":"max-image-preview:large","max-video-preview":"max-video-preview:-1"},"canonical":"https:\/\/haerenga-voyage.com\/index.php\/contact-travel-planner\/","og_locale":"fr_FR","og_type":"article","og_title":"Contact \u2013 Haerenga Voyage - Travel planner bas\u00e9e au Havre - Haerenga Voyage","og_description":"Contactez votre travel planner pour organiser votre voyage sur mesure. R\u00e9ponse rapide et accompagnement personnalis\u00e9.","og_url":"https:\/\/haerenga-voyage.com\/index.php\/contact-travel-planner\/","og_site_name":"Haerenga Voyage","article_publisher":"https:\/\/www.facebook.com\/profile.php?id=61567282122041","article_modified_time":"2026-03-19T15:06:36+00:00","og_image":[{"width":1024,"height":1024,"url":"https:\/\/haerenga-voyage.com\/wp-content\/uploads\/2026\/01\/retouche-photo-1-1024x1024.png","type":"image\/png"}],"twitter_card":"summary_large_image","twitter_misc":{"Dur\u00e9e de lecture estim\u00e9e":"1 minute"},"schema":{"@context":"https:\/\/schema.org","@graph":[{"@type":"WebPage","@id":"https:\/\/haerenga-voyage.com\/index.php\/contact-travel-planner\/","url":"https:\/\/haerenga-voyage.com\/index.php\/contact-travel-planner\/","name":"Contact \u2013 Haerenga Voyage - Travel planner bas\u00e9e au Havre - Haerenga Voyage","isPartOf":{"@id":"https:\/\/haerenga-voyage.com\/#website"},"primaryImageOfPage":{"@id":"https:\/\/haerenga-voyage.com\/index.php\/contact-travel-planner\/#primaryimage"},"image":{"@id":"https:\/\/haerenga-voyage.com\/index.php\/contact-travel-planner\/#primaryimage"},"thumbnailUrl":"https:\/\/haerenga-voyage.com\/wp-content\/uploads\/2026\/01\/retouche-photo-1.png","datePublished":"2026-01-24T11:12:38+00:00","dateModified":"2026-03-19T15:06:36+00:00","description":"Contactez votre travel planner pour organiser votre voyage sur mesure. R\u00e9ponse rapide et accompagnement personnalis\u00e9.","breadcrumb":{"@id":"https:\/\/haerenga-voyage.com\/index.php\/contact-travel-planner\/#breadcrumb"},"inLanguage":"fr-FR","potentialAction":[{"@type":"ReadAction","target":["https:\/\/haerenga-voyage.com\/index.php\/contact-travel-planner\/"]}]},{"@type":"ImageObject","inLanguage":"fr-FR","@id":"https:\/\/haerenga-voyage.com\/index.php\/contact-travel-planner\/#primaryimage","url":"https:\/\/haerenga-voyage.com\/wp-content\/uploads\/2026\/01\/retouche-photo-1.png","contentUrl":"https:\/\/haerenga-voyage.com\/wp-content\/uploads\/2026\/01\/retouche-photo-1.png","width":1200,"height":1200},{"@type":"BreadcrumbList","@id":"https:\/\/haerenga-voyage.com\/index.php\/contact-travel-planner\/#breadcrumb","itemListElement":[{"@type":"ListItem","position":1,"name":"Accueil","item":"https:\/\/haerenga-voyage.com\/"},{"@type":"ListItem","position":2,"name":"Contact \u2013 Haerenga Voyage &#8211; Travel planner bas\u00e9e au Havre"}]},{"@type":"WebSite","@id":"https:\/\/haerenga-voyage.com\/#website","url":"https:\/\/haerenga-voyage.com\/","name":"Haerenga Voyage","description":"Pour que chaque voyage compte","publisher":{"@id":"https:\/\/haerenga-voyage.com\/#organization"},"potentialAction":[{"@type":"SearchAction","target":{"@type":"EntryPoint","urlTemplate":"https:\/\/haerenga-voyage.com\/?s={search_term_string}"},"query-input":{"@type":"PropertyValueSpecification","valueRequired":true,"valueName":"search_term_string"}}],"inLanguage":"fr-FR"},{"@type":"Organization","@id":"https:\/\/haerenga-voyage.com\/#organization","name":"Haerenga Voyage","url":"https:\/\/haerenga-voyage.com\/","logo":{"@type":"ImageObject","inLanguage":"fr-FR","@id":"https:\/\/haerenga-voyage.com\/#\/schema\/logo\/image\/","url":"https:\/\/haerenga-voyage.com\/wp-content\/uploads\/2026\/01\/Logo-principal-foral-mist.png","contentUrl":"https:\/\/haerenga-voyage.com\/wp-content\/uploads\/2026\/01\/Logo-principal-foral-mist.png","width":1000,"height":1000,"caption":"Haerenga Voyage"},"image":{"@id":"https:\/\/haerenga-voyage.com\/#\/schema\/logo\/image\/"},"sameAs":["https:\/\/www.facebook.com\/profile.php?id=61567282122041","https:\/\/www.instagram.com\/haerengavoyage"]}]}},"_links":{"self":[{"href":"https:\/\/haerenga-voyage.com\/index.php\/wp-json\/wp\/v2\/pages\/35","targetHints":{"allow":["GET"]}}],"collection":[{"href":"https:\/\/haerenga-voyage.com\/index.php\/wp-json\/wp\/v2\/pages"}],"about":[{"href":"https:\/\/haerenga-voyage.com\/index.php\/wp-json\/wp\/v2\/types\/page"}],"author":[{"embeddable":true,"href":"https:\/\/haerenga-voyage.com\/index.php\/wp-json\/wp\/v2\/users\/1"}],"replies":[{"embeddable":true,"href":"https:\/\/haerenga-voyage.com\/index.php\/wp-json\/wp\/v2\/comments?post=35"}],"version-history":[{"count":11,"href":"https:\/\/haerenga-voyage.com\/index.php\/wp-json\/wp\/v2\/pages\/35\/revisions"}],"predecessor-version":[{"id":381,"href":"https:\/\/haerenga-voyage.com\/index.php\/wp-json\/wp\/v2\/pages\/35\/revisions\/381"}],"wp:attachment":[{"href":"https:\/\/haerenga-voyage.com\/index.php\/wp-json\/wp\/v2\/media?parent=35"}],"curies":[{"name":"wp","href":"https:\/\/api.w.org\/{rel}","templated":true}]}}