{"id":34,"date":"2026-01-24T11:12:38","date_gmt":"2026-01-24T11:12:38","guid":{"rendered":"http:\/\/haerenga-voyage.com\/index.php\/page-a-propos\/"},"modified":"2026-04-10T14:56:52","modified_gmt":"2026-04-10T14:56:52","slug":"anais-travel-planner-le-havre","status":"publish","type":"page","link":"https:\/\/haerenga-voyage.com\/index.php\/anais-travel-planner-le-havre\/","title":{"rendered":"\u00c0 propos \u2013 Ana\u00efs, Travel Planner sp\u00e9cialis\u00e9e Angleterre"},"content":{"rendered":"\n<div id=\"wp-block-themeisle-blocks-advanced-columns-07f9e39b\" class=\"wp-block-themeisle-blocks-advanced-columns alignfull has-1-columns has-desktop-equal-layout has-tablet-equal-layout has-mobile-collapsedRows-layout has-vertical-center ticss-c00aadba\"><div class=\"wp-block-themeisle-blocks-advanced-columns-overlay\"><\/div><div class=\"innerblocks-wrap\">\n<div id=\"wp-block-themeisle-blocks-advanced-column-9bce96d7\" class=\"wp-block-themeisle-blocks-advanced-column\">\n<figure class=\"wp-block-image aligncenter size-full is-resized is-style-rounded\"><img loading=\"lazy\" decoding=\"async\" width=\"1200\" height=\"1200\" src=\"https:\/\/haerenga-voyage.com\/wp-content\/uploads\/2026\/01\/5-1.png\" alt=\"Ana\u00efs, travel planner au Havre, cr\u00e9ant des voyages sur mesure \u00e9tape par \u00e9tape\" class=\"wp-image-150\" style=\"width:180px;height:181px\" srcset=\"https:\/\/haerenga-voyage.com\/wp-content\/uploads\/2026\/01\/5-1.png 1200w, https:\/\/haerenga-voyage.com\/wp-content\/uploads\/2026\/01\/5-1-300x300.png 300w, https:\/\/haerenga-voyage.com\/wp-content\/uploads\/2026\/01\/5-1-1024x1024.png 1024w, https:\/\/haerenga-voyage.com\/wp-content\/uploads\/2026\/01\/5-1-150x150.png 150w, https:\/\/haerenga-voyage.com\/wp-content\/uploads\/2026\/01\/5-1-768x768.png 768w\" sizes=\"auto, (max-width: 1200px) 100vw, 1200px\" \/><\/figure>\n\n\n\n<p id=\"wp-block-themeisle-blocks-advanced-heading-63134771\" class=\"wp-block-themeisle-blocks-advanced-heading wp-block-themeisle-blocks-advanced-heading-63134771\">Moi c&rsquo;est ana\u00efs<\/p>\n\n\n\n<h2 id=\"wp-block-themeisle-blocks-advanced-heading-bbda2e30\" class=\"wp-block-themeisle-blocks-advanced-heading wp-block-themeisle-blocks-advanced-heading-bbda2e30\"><em>Pour que chaque voyage compte<\/em><\/h2>\n\n\n\n<p class=\"has-text-align-center\">Je vis en Normandie, au Havre, et je suis travel planner.<br>J\u2019accompagne les personnes qui souhaitent voyager sans stress, en construisant avec elles des s\u00e9jours sur mesure, pens\u00e9s pour ne ressembler \u00e0 aucun autre.<\/p>\n\n\n\n<p class=\"has-text-align-center\">Curieuse, bienveillante et profond\u00e9ment attentive aux autres, je crois qu\u2019un voyage ne se r\u00e9sume pas \u00e0 un itin\u00e9raire ou \u00e0 une checklist : il doit vous ressembler.<\/p>\n\n\n\n<p class=\"has-text-align-center\">L\u2019Angleterre occupe une place particuli\u00e8re dans mon parcours et dans mon c\u0153ur depuis toujours \u2014 demandez \u00e0 mon entourage, il vous le confirmera.<br>Mais ce qui m\u2019anime avant tout, c\u2019est de vous aider \u00e0 donner vie \u00e0 votre projet de voyage, quel qu\u2019il soit.<\/p>\n\n\n\n<div class=\"wp-block-group alignfull has-raft-bg-alt-background-color has-background is-layout-constrained wp-container-core-group-is-layout-c271bb01 wp-block-group-is-layout-constrained\" style=\"margin-top:0;margin-bottom:0;padding-top:var(--wp--preset--spacing--80);padding-right:var(--wp--preset--spacing--40);padding-bottom:var(--wp--preset--spacing--80);padding-left:var(--wp--preset--spacing--40)\">\n<div class=\"wp-block-columns alignwide is-layout-flex wp-container-core-columns-is-layout-9cad5244 wp-block-columns-is-layout-flex\" style=\"margin-top:0;margin-bottom:0\">\n<div class=\"wp-block-column is-layout-flow wp-container-core-column-is-layout-f5bb311e wp-block-column-is-layout-flow\">\n<figure class=\"wp-block-image size-large size-full\"><img loading=\"lazy\" decoding=\"async\" width=\"1024\" height=\"1024\" src=\"https:\/\/haerenga-voyage.com\/wp-content\/uploads\/2026\/01\/10-1024x1024.png\" alt=\"cr\u00e9ation d'itin\u00e9raire sur mesure angleterre\" class=\"wp-image-168\" srcset=\"https:\/\/haerenga-voyage.com\/wp-content\/uploads\/2026\/01\/10-1024x1024.png 1024w, https:\/\/haerenga-voyage.com\/wp-content\/uploads\/2026\/01\/10-300x300.png 300w, https:\/\/haerenga-voyage.com\/wp-content\/uploads\/2026\/01\/10-150x150.png 150w, https:\/\/haerenga-voyage.com\/wp-content\/uploads\/2026\/01\/10-768x768.png 768w, https:\/\/haerenga-voyage.com\/wp-content\/uploads\/2026\/01\/10.png 1200w\" sizes=\"auto, (max-width: 1024px) 100vw, 1024px\" \/><\/figure>\n\n\n\n<h3 class=\"wp-block-heading has-text-align-center has-medium-font-size\">Une grande capacit\u00e9 d\u2019adaptation<\/h3>\n\n\n\n<p class=\"has-text-align-center\">Chaque voyageur est diff\u00e9rent. J\u2019aime comprendre vos envies, votre rythme, vos contraintes, pour cr\u00e9er un itin\u00e9raire qui vous ressemble vraiment, pas un programme fig\u00e9.<\/p>\n<\/div>\n\n\n\n<div class=\"wp-block-column is-layout-flow wp-container-core-column-is-layout-f5bb311e wp-block-column-is-layout-flow\">\n<figure class=\"wp-block-image size-large size-full\"><img loading=\"lazy\" decoding=\"async\" width=\"1024\" height=\"1024\" src=\"https:\/\/haerenga-voyage.com\/wp-content\/uploads\/2026\/01\/11-1024x1024.png\" alt=\"s\u00e9lection d'adresses food en angleterre\" class=\"wp-image-175\" srcset=\"https:\/\/haerenga-voyage.com\/wp-content\/uploads\/2026\/01\/11-1024x1024.png 1024w, https:\/\/haerenga-voyage.com\/wp-content\/uploads\/2026\/01\/11-300x300.png 300w, https:\/\/haerenga-voyage.com\/wp-content\/uploads\/2026\/01\/11-150x150.png 150w, https:\/\/haerenga-voyage.com\/wp-content\/uploads\/2026\/01\/11-768x768.png 768w, https:\/\/haerenga-voyage.com\/wp-content\/uploads\/2026\/01\/11.png 1200w\" sizes=\"auto, (max-width: 1024px) 100vw, 1024px\" \/><\/figure>\n\n\n\n<h3 class=\"wp-block-heading has-text-align-center has-medium-font-size\">Une envie de d\u00e9couverte permanente<\/h3>\n\n\n\n<p class=\"has-text-align-center\">J\u2019aime d\u00e9nicher les bonnes adresses : caf\u00e9s, petites tables locales, lieux discrets\u2026 Ces d\u00e9tails font souvent la diff\u00e9rence entre un voyage agr\u00e9able et un voyage inoubliable.<\/p>\n<\/div>\n\n\n\n<div class=\"wp-block-column is-layout-flow wp-container-core-column-is-layout-f5bb311e wp-block-column-is-layout-flow\">\n<figure class=\"wp-block-image size-large size-full\"><img loading=\"lazy\" decoding=\"async\" width=\"1024\" height=\"1024\" src=\"https:\/\/haerenga-voyage.com\/wp-content\/uploads\/2026\/01\/14-1024x1024.png\" alt=\"travel planner sensible, qui comprend mes besoins\" class=\"wp-image-171\" srcset=\"https:\/\/haerenga-voyage.com\/wp-content\/uploads\/2026\/01\/14-1024x1024.png 1024w, https:\/\/haerenga-voyage.com\/wp-content\/uploads\/2026\/01\/14-300x300.png 300w, https:\/\/haerenga-voyage.com\/wp-content\/uploads\/2026\/01\/14-150x150.png 150w, https:\/\/haerenga-voyage.com\/wp-content\/uploads\/2026\/01\/14-768x768.png 768w, https:\/\/haerenga-voyage.com\/wp-content\/uploads\/2026\/01\/14.png 1200w\" sizes=\"auto, (max-width: 1024px) 100vw, 1024px\" \/><\/figure>\n\n\n\n<h3 class=\"wp-block-heading has-text-align-center has-medium-font-size\">Une sensibilit\u00e9 aux lieux qui ont une \u00e2me<\/h3>\n\n\n\n<p class=\"has-text-align-center\">Je suis attentive \u00e0 l\u2019atmosph\u00e8re, aux histoires, aux ambiances. Je privil\u00e9gie les endroits qui marquent, qui racontent quelque chose, et qui laissent une trace apr\u00e8s le retour.<\/p>\n<\/div>\n<\/div>\n<\/div>\n\n\n\n<section id=\"wp-block-themeisle-blocks-advanced-columns-335a2f03\" class=\"wp-block-themeisle-blocks-advanced-columns alignfull has-1-columns has-desktop-equal-layout has-tablet-equal-layout has-mobile-equal-layout has-vertical-flex-start\"><div class=\"wp-block-themeisle-blocks-advanced-columns-overlay\"><\/div><div class=\"innerblocks-wrap\">\n<div id=\"wp-block-themeisle-blocks-advanced-column-5d90343f\" class=\"wp-block-themeisle-blocks-advanced-column\">\n<section id=\"wp-block-themeisle-blocks-advanced-columns-b2ead1d6\" class=\"wp-block-themeisle-blocks-advanced-columns has-2-columns has-desktop-equal-layout has-tablet-equal-layout has-mobile-collapsedRows-layout has-vertical-center\"><div class=\"wp-block-themeisle-blocks-advanced-columns-overlay\"><\/div><div class=\"innerblocks-wrap\">\n<div id=\"wp-block-themeisle-blocks-advanced-column-5f9a9ec0\" class=\"wp-block-themeisle-blocks-advanced-column\">\n<figure class=\"wp-block-image size-full\"><img loading=\"lazy\" decoding=\"async\" width=\"710\" height=\"710\" src=\"https:\/\/haerenga-voyage.com\/wp-content\/uploads\/2026\/02\/retouche-photo-edited.png\" alt=\"Ana\u00efs en Nouvelle-Z\u00e9lande, voyage \u00e0 l\u2019origine de la cr\u00e9ation de Haerenga Voyage\" class=\"wp-image-250\" srcset=\"https:\/\/haerenga-voyage.com\/wp-content\/uploads\/2026\/02\/retouche-photo-edited.png 710w, https:\/\/haerenga-voyage.com\/wp-content\/uploads\/2026\/02\/retouche-photo-edited-300x300.png 300w, https:\/\/haerenga-voyage.com\/wp-content\/uploads\/2026\/02\/retouche-photo-edited-150x150.png 150w\" sizes=\"auto, (max-width: 710px) 100vw, 710px\" \/><\/figure>\n<\/div>\n\n\n\n<div id=\"wp-block-themeisle-blocks-advanced-column-7c705a1c\" class=\"wp-block-themeisle-blocks-advanced-column\">\n<h2 class=\"wp-block-heading has-text-align-center\"><strong>\u201cHaerenga\u201d signifie tout simplement \u201cvoyage\u201d en maori.<\/strong><\/h2>\n\n\n\n<p class=\"has-text-align-center\"><br>Ce nom fait r\u00e9f\u00e9rence \u00e0 un voyage qui a profond\u00e9ment marqu\u00e9 mon parcours : celui que j\u2019ai v\u00e9cu seule en Nouvelle-Z\u00e9lande, et qui a transform\u00e9 ma mani\u00e8re de voir le monde.<\/p>\n\n\n\n<p class=\"has-text-align-center\">Ce voyage a \u00e9t\u00e9 le point de d\u00e9part de mon envie d\u2019accompagner d\u2019autres personnes \u00e0 vivre, elles aussi, un voyage qui compte.<br>C\u2019est aussi pour cela que j\u2019aime aujourd\u2019hui partager des destinations qui ont du sens pour moi, comme l\u2019Angleterre, une fa\u00e7on de continuer \u00e0 r\u00eaver \u00e0 travers vos voyages.<\/p>\n<\/div>\n<\/div><\/section>\n\n\n\n<section id=\"wp-block-themeisle-blocks-advanced-columns-8e7cc7ae\" class=\"wp-block-themeisle-blocks-advanced-columns has-3-columns has-desktop-equal-layout has-tablet-equal-layout has-mobile-collapsedRows-layout has-vertical-flex-start\"><div class=\"wp-block-themeisle-blocks-advanced-columns-overlay\"><\/div><div class=\"innerblocks-wrap\">\n<div id=\"wp-block-themeisle-blocks-advanced-column-725f10a7\" class=\"wp-block-themeisle-blocks-advanced-column\">\n<h3 class=\"wp-block-heading has-text-align-center\"><strong>Avant Haerenga Voyage<\/strong><\/h3>\n\n\n\n<p class=\"has-text-align-center\">J\u2019ai travaill\u00e9 plusieurs ann\u00e9es dans les ressources humaines, puis dans l\u2019\u00e9v\u00e9nementiel.<br>C\u2019est l\u00e0 que j\u2019ai d\u00e9couvert le go\u00fbt de l\u2019accompagnement, de l\u2019\u00e9coute et de la gestion de projets.<\/p>\n\n\n\n<p class=\"has-text-align-center\">Puis il y a eu la Nouvelle-Z\u00e9lande.<br>Six mois seule, un d\u00e9clic profond.<\/p>\n\n\n\n<p class=\"has-text-align-center\">Pas une r\u00e9volution, mais l\u2019\u00e9vidence d\u2019oser enfin ce qui me faisait vibrer.<\/p>\n\n\n\n<p class=\"has-text-align-center\">Peu \u00e0 peu, mes voyages et mes exp\u00e9riences m\u2019ont men\u00e9e vers quelque chose de plus align\u00e9, plus juste, plus conscient.<\/p>\n<\/div>\n\n\n\n<div id=\"wp-block-themeisle-blocks-advanced-column-3c67f726\" class=\"wp-block-themeisle-blocks-advanced-column\">\n<h3 class=\"wp-block-heading has-text-align-center\"><strong>La naissance Haerenga Voyage<\/strong><\/h3>\n\n\n\n<p class=\"has-text-align-center\">Haerenga Voyage est n\u00e9 d\u2019un parcours fait de d\u00e9tours, de voyages et de remises en question.<br>Il est aussi n\u00e9 d\u2019une \u00e9preuve de vie qui m\u2019a appris \u00e0 ralentir, \u00e0 \u00e9couter et \u00e0 oser.<\/p>\n\n\n\n<p class=\"has-text-align-center\">Ainsi, ce projet est apparu comme une \u00e9vidence : cr\u00e9er quelque chose qui ait du sens et accompagner autrement.<\/p>\n\n\n\n<p class=\"has-text-align-center\">Je propose ce que j\u2019aurais aim\u00e9 trouver \u00e0 ce moment-l\u00e0 :<br>un cadre rassurant pour transformer une envie de voyage en un projet clair, serein et align\u00e9.<\/p>\n<\/div>\n\n\n\n<div id=\"wp-block-themeisle-blocks-advanced-column-4956dbc0\" class=\"wp-block-themeisle-blocks-advanced-column\">\n<h3 class=\"wp-block-heading has-text-align-center\"><strong>Aujourd\u2019hui<\/strong><\/h3>\n\n\n\n<p class=\"has-text-align-center\">Je cr\u00e9e des voyages sur mesure, pens\u00e9s pour votre rythme, vos envies et votre moment de vie.<\/p>\n\n\n\n<p class=\"has-text-align-center\">Travel planner au Havre, j\u2019accompagne des voyageurs partout en France et \u00e0 distance, avec la m\u00eame attention.<\/p>\n\n\n\n<p class=\"has-text-align-center\">Plus qu\u2019une simple destination, chaque projet devient une exp\u00e9rience construite avec sens.<\/p>\n\n\n\n<p class=\"has-text-align-center\">Je vous aide \u00e0 structurer vos id\u00e9es et \u00e0 transformer votre voyage en un moment unique, v\u00e9cu sereinement et en confiance.<\/p>\n<\/div>\n<\/div><\/section>\n<\/div>\n<\/div><\/section>\n\n\n\n<h3 class=\"wp-block-heading has-text-align-center\">Et si, \u00e0 votre tour, vous r\u00eavez d\u2019un voyage qui vous ressemble, alors je serai heureuse de vous accompagner \u00e0 le concr\u00e9tiser<\/h3>\n\n\n\n<div class=\"wp-block-buttons is-content-justification-center is-layout-flex wp-container-core-buttons-is-layout-a89b3969 wp-block-buttons-is-layout-flex\">\n<div class=\"wp-block-button\"><a class=\"wp-block-button__link wp-element-button\">\u00e9changer sur mon voyage<\/a><\/div>\n<\/div>\n<\/div>\n<\/div><\/div>\n","protected":false},"excerpt":{"rendered":"","protected":false},"author":1,"featured_media":0,"parent":0,"menu_order":0,"comment_status":"closed","ping_status":"closed","template":"template-plain","meta":{"_themeisle_gutenberg_block_has_review":false,"iawp_total_views":23,"footnotes":""},"class_list":["post-34","page","type-page","status-publish","hentry"],"yoast_head":"<!-- This site is optimized with the Yoast SEO plugin v27.3 - https:\/\/yoast.com\/product\/yoast-seo-wordpress\/ -->\n<title>\u00c0 propos \u2013 Ana\u00efs, Travel Planner sp\u00e9cialis\u00e9e Angleterre - Haerenga Voyage<\/title>\n<meta name=\"description\" content=\"Ana\u00efs Travel planner, j\u2019accompagne les personnes qui r\u00eavent de d\u00e9couvrir l\u2019Angleterre \u00e0 cr\u00e9er le voyage sur mesure qui leur ressemble\" \/>\n<meta name=\"robots\" content=\"index, follow, max-snippet:-1, max-image-preview:large, max-video-preview:-1\" \/>\n<link rel=\"canonical\" href=\"https:\/\/haerenga-voyage.com\/index.php\/anais-travel-planner-le-havre\/\" \/>\n<meta property=\"og:locale\" content=\"fr_FR\" \/>\n<meta property=\"og:type\" content=\"article\" \/>\n<meta property=\"og:title\" content=\"\u00c0 propos \u2013 Ana\u00efs, Travel Planner sp\u00e9cialis\u00e9e Angleterre - Haerenga Voyage\" \/>\n<meta property=\"og:description\" content=\"Ana\u00efs Travel planner, j\u2019accompagne les personnes qui r\u00eavent de d\u00e9couvrir l\u2019Angleterre \u00e0 cr\u00e9er le voyage sur mesure qui leur ressemble\" \/>\n<meta property=\"og:url\" content=\"https:\/\/haerenga-voyage.com\/index.php\/anais-travel-planner-le-havre\/\" \/>\n<meta property=\"og:site_name\" content=\"Haerenga Voyage\" \/>\n<meta property=\"article:publisher\" content=\"https:\/\/www.facebook.com\/profile.php?id=61567282122041\" \/>\n<meta property=\"article:modified_time\" content=\"2026-04-10T14:56:52+00:00\" \/>\n<meta property=\"og:image\" content=\"https:\/\/haerenga-voyage.com\/wp-content\/uploads\/2026\/01\/5-1-1024x1024.png\" \/>\n\t<meta property=\"og:image:width\" content=\"1024\" \/>\n\t<meta property=\"og:image:height\" content=\"1024\" \/>\n\t<meta property=\"og:image:type\" content=\"image\/png\" \/>\n<meta name=\"twitter:card\" content=\"summary_large_image\" \/>\n<meta name=\"twitter:label1\" content=\"Dur\u00e9e de lecture estim\u00e9e\" \/>\n\t<meta name=\"twitter:data1\" content=\"4 minutes\" \/>\n<script type=\"application\/ld+json\" class=\"yoast-schema-graph\">{\"@context\":\"https:\\\/\\\/schema.org\",\"@graph\":[{\"@type\":\"WebPage\",\"@id\":\"https:\\\/\\\/haerenga-voyage.com\\\/index.php\\\/anais-travel-planner-le-havre\\\/\",\"url\":\"https:\\\/\\\/haerenga-voyage.com\\\/index.php\\\/anais-travel-planner-le-havre\\\/\",\"name\":\"\u00c0 propos \u2013 Ana\u00efs, Travel Planner sp\u00e9cialis\u00e9e Angleterre - Haerenga Voyage\",\"isPartOf\":{\"@id\":\"https:\\\/\\\/haerenga-voyage.com\\\/#website\"},\"primaryImageOfPage\":{\"@id\":\"https:\\\/\\\/haerenga-voyage.com\\\/index.php\\\/anais-travel-planner-le-havre\\\/#primaryimage\"},\"image\":{\"@id\":\"https:\\\/\\\/haerenga-voyage.com\\\/index.php\\\/anais-travel-planner-le-havre\\\/#primaryimage\"},\"thumbnailUrl\":\"https:\\\/\\\/haerenga-voyage.com\\\/wp-content\\\/uploads\\\/2026\\\/01\\\/5-1.png\",\"datePublished\":\"2026-01-24T11:12:38+00:00\",\"dateModified\":\"2026-04-10T14:56:52+00:00\",\"description\":\"Ana\u00efs Travel planner, j\u2019accompagne les personnes qui r\u00eavent de d\u00e9couvrir l\u2019Angleterre \u00e0 cr\u00e9er le voyage sur mesure qui leur ressemble\",\"breadcrumb\":{\"@id\":\"https:\\\/\\\/haerenga-voyage.com\\\/index.php\\\/anais-travel-planner-le-havre\\\/#breadcrumb\"},\"inLanguage\":\"fr-FR\",\"potentialAction\":[{\"@type\":\"ReadAction\",\"target\":[\"https:\\\/\\\/haerenga-voyage.com\\\/index.php\\\/anais-travel-planner-le-havre\\\/\"]}]},{\"@type\":\"ImageObject\",\"inLanguage\":\"fr-FR\",\"@id\":\"https:\\\/\\\/haerenga-voyage.com\\\/index.php\\\/anais-travel-planner-le-havre\\\/#primaryimage\",\"url\":\"https:\\\/\\\/haerenga-voyage.com\\\/wp-content\\\/uploads\\\/2026\\\/01\\\/5-1.png\",\"contentUrl\":\"https:\\\/\\\/haerenga-voyage.com\\\/wp-content\\\/uploads\\\/2026\\\/01\\\/5-1.png\",\"width\":1200,\"height\":1200,\"caption\":\"Ana\u00efs, travel planner au Havre, cr\u00e9ant des voyages sur mesure \u00e9tape par \u00e9tape\"},{\"@type\":\"BreadcrumbList\",\"@id\":\"https:\\\/\\\/haerenga-voyage.com\\\/index.php\\\/anais-travel-planner-le-havre\\\/#breadcrumb\",\"itemListElement\":[{\"@type\":\"ListItem\",\"position\":1,\"name\":\"Accueil\",\"item\":\"https:\\\/\\\/haerenga-voyage.com\\\/\"},{\"@type\":\"ListItem\",\"position\":2,\"name\":\"\u00c0 propos \u2013 Ana\u00efs, Travel Planner sp\u00e9cialis\u00e9e Angleterre\"}]},{\"@type\":\"WebSite\",\"@id\":\"https:\\\/\\\/haerenga-voyage.com\\\/#website\",\"url\":\"https:\\\/\\\/haerenga-voyage.com\\\/\",\"name\":\"Haerenga Voyage\",\"description\":\"Pour que chaque voyage compte\",\"publisher\":{\"@id\":\"https:\\\/\\\/haerenga-voyage.com\\\/#organization\"},\"potentialAction\":[{\"@type\":\"SearchAction\",\"target\":{\"@type\":\"EntryPoint\",\"urlTemplate\":\"https:\\\/\\\/haerenga-voyage.com\\\/?s={search_term_string}\"},\"query-input\":{\"@type\":\"PropertyValueSpecification\",\"valueRequired\":true,\"valueName\":\"search_term_string\"}}],\"inLanguage\":\"fr-FR\"},{\"@type\":\"Organization\",\"@id\":\"https:\\\/\\\/haerenga-voyage.com\\\/#organization\",\"name\":\"Haerenga Voyage\",\"url\":\"https:\\\/\\\/haerenga-voyage.com\\\/\",\"logo\":{\"@type\":\"ImageObject\",\"inLanguage\":\"fr-FR\",\"@id\":\"https:\\\/\\\/haerenga-voyage.com\\\/#\\\/schema\\\/logo\\\/image\\\/\",\"url\":\"https:\\\/\\\/haerenga-voyage.com\\\/wp-content\\\/uploads\\\/2026\\\/01\\\/Logo-principal-foral-mist.png\",\"contentUrl\":\"https:\\\/\\\/haerenga-voyage.com\\\/wp-content\\\/uploads\\\/2026\\\/01\\\/Logo-principal-foral-mist.png\",\"width\":1000,\"height\":1000,\"caption\":\"Haerenga Voyage\"},\"image\":{\"@id\":\"https:\\\/\\\/haerenga-voyage.com\\\/#\\\/schema\\\/logo\\\/image\\\/\"},\"sameAs\":[\"https:\\\/\\\/www.facebook.com\\\/profile.php?id=61567282122041\",\"https:\\\/\\\/www.instagram.com\\\/haerengavoyage\"]}]}<\/script>\n<!-- \/ Yoast SEO plugin. -->","yoast_head_json":{"title":"\u00c0 propos \u2013 Ana\u00efs, Travel Planner sp\u00e9cialis\u00e9e Angleterre - Haerenga Voyage","description":"Ana\u00efs Travel planner, j\u2019accompagne les personnes qui r\u00eavent de d\u00e9couvrir l\u2019Angleterre \u00e0 cr\u00e9er le voyage sur mesure qui leur ressemble","robots":{"index":"index","follow":"follow","max-snippet":"max-snippet:-1","max-image-preview":"max-image-preview:large","max-video-preview":"max-video-preview:-1"},"canonical":"https:\/\/haerenga-voyage.com\/index.php\/anais-travel-planner-le-havre\/","og_locale":"fr_FR","og_type":"article","og_title":"\u00c0 propos \u2013 Ana\u00efs, Travel Planner sp\u00e9cialis\u00e9e Angleterre - Haerenga Voyage","og_description":"Ana\u00efs Travel planner, j\u2019accompagne les personnes qui r\u00eavent de d\u00e9couvrir l\u2019Angleterre \u00e0 cr\u00e9er le voyage sur mesure qui leur ressemble","og_url":"https:\/\/haerenga-voyage.com\/index.php\/anais-travel-planner-le-havre\/","og_site_name":"Haerenga Voyage","article_publisher":"https:\/\/www.facebook.com\/profile.php?id=61567282122041","article_modified_time":"2026-04-10T14:56:52+00:00","og_image":[{"width":1024,"height":1024,"url":"https:\/\/haerenga-voyage.com\/wp-content\/uploads\/2026\/01\/5-1-1024x1024.png","type":"image\/png"}],"twitter_card":"summary_large_image","twitter_misc":{"Dur\u00e9e de lecture estim\u00e9e":"4 minutes"},"schema":{"@context":"https:\/\/schema.org","@graph":[{"@type":"WebPage","@id":"https:\/\/haerenga-voyage.com\/index.php\/anais-travel-planner-le-havre\/","url":"https:\/\/haerenga-voyage.com\/index.php\/anais-travel-planner-le-havre\/","name":"\u00c0 propos \u2013 Ana\u00efs, Travel Planner sp\u00e9cialis\u00e9e Angleterre - Haerenga Voyage","isPartOf":{"@id":"https:\/\/haerenga-voyage.com\/#website"},"primaryImageOfPage":{"@id":"https:\/\/haerenga-voyage.com\/index.php\/anais-travel-planner-le-havre\/#primaryimage"},"image":{"@id":"https:\/\/haerenga-voyage.com\/index.php\/anais-travel-planner-le-havre\/#primaryimage"},"thumbnailUrl":"https:\/\/haerenga-voyage.com\/wp-content\/uploads\/2026\/01\/5-1.png","datePublished":"2026-01-24T11:12:38+00:00","dateModified":"2026-04-10T14:56:52+00:00","description":"Ana\u00efs Travel planner, j\u2019accompagne les personnes qui r\u00eavent de d\u00e9couvrir l\u2019Angleterre \u00e0 cr\u00e9er le voyage sur mesure qui leur ressemble","breadcrumb":{"@id":"https:\/\/haerenga-voyage.com\/index.php\/anais-travel-planner-le-havre\/#breadcrumb"},"inLanguage":"fr-FR","potentialAction":[{"@type":"ReadAction","target":["https:\/\/haerenga-voyage.com\/index.php\/anais-travel-planner-le-havre\/"]}]},{"@type":"ImageObject","inLanguage":"fr-FR","@id":"https:\/\/haerenga-voyage.com\/index.php\/anais-travel-planner-le-havre\/#primaryimage","url":"https:\/\/haerenga-voyage.com\/wp-content\/uploads\/2026\/01\/5-1.png","contentUrl":"https:\/\/haerenga-voyage.com\/wp-content\/uploads\/2026\/01\/5-1.png","width":1200,"height":1200,"caption":"Ana\u00efs, travel planner au Havre, cr\u00e9ant des voyages sur mesure \u00e9tape par \u00e9tape"},{"@type":"BreadcrumbList","@id":"https:\/\/haerenga-voyage.com\/index.php\/anais-travel-planner-le-havre\/#breadcrumb","itemListElement":[{"@type":"ListItem","position":1,"name":"Accueil","item":"https:\/\/haerenga-voyage.com\/"},{"@type":"ListItem","position":2,"name":"\u00c0 propos \u2013 Ana\u00efs, Travel Planner sp\u00e9cialis\u00e9e Angleterre"}]},{"@type":"WebSite","@id":"https:\/\/haerenga-voyage.com\/#website","url":"https:\/\/haerenga-voyage.com\/","name":"Haerenga Voyage","description":"Pour que chaque voyage compte","publisher":{"@id":"https:\/\/haerenga-voyage.com\/#organization"},"potentialAction":[{"@type":"SearchAction","target":{"@type":"EntryPoint","urlTemplate":"https:\/\/haerenga-voyage.com\/?s={search_term_string}"},"query-input":{"@type":"PropertyValueSpecification","valueRequired":true,"valueName":"search_term_string"}}],"inLanguage":"fr-FR"},{"@type":"Organization","@id":"https:\/\/haerenga-voyage.com\/#organization","name":"Haerenga Voyage","url":"https:\/\/haerenga-voyage.com\/","logo":{"@type":"ImageObject","inLanguage":"fr-FR","@id":"https:\/\/haerenga-voyage.com\/#\/schema\/logo\/image\/","url":"https:\/\/haerenga-voyage.com\/wp-content\/uploads\/2026\/01\/Logo-principal-foral-mist.png","contentUrl":"https:\/\/haerenga-voyage.com\/wp-content\/uploads\/2026\/01\/Logo-principal-foral-mist.png","width":1000,"height":1000,"caption":"Haerenga Voyage"},"image":{"@id":"https:\/\/haerenga-voyage.com\/#\/schema\/logo\/image\/"},"sameAs":["https:\/\/www.facebook.com\/profile.php?id=61567282122041","https:\/\/www.instagram.com\/haerengavoyage"]}]}},"_links":{"self":[{"href":"https:\/\/haerenga-voyage.com\/index.php\/wp-json\/wp\/v2\/pages\/34","targetHints":{"allow":["GET"]}}],"collection":[{"href":"https:\/\/haerenga-voyage.com\/index.php\/wp-json\/wp\/v2\/pages"}],"about":[{"href":"https:\/\/haerenga-voyage.com\/index.php\/wp-json\/wp\/v2\/types\/page"}],"author":[{"embeddable":true,"href":"https:\/\/haerenga-voyage.com\/index.php\/wp-json\/wp\/v2\/users\/1"}],"replies":[{"embeddable":true,"href":"https:\/\/haerenga-voyage.com\/index.php\/wp-json\/wp\/v2\/comments?post=34"}],"version-history":[{"count":38,"href":"https:\/\/haerenga-voyage.com\/index.php\/wp-json\/wp\/v2\/pages\/34\/revisions"}],"predecessor-version":[{"id":413,"href":"https:\/\/haerenga-voyage.com\/index.php\/wp-json\/wp\/v2\/pages\/34\/revisions\/413"}],"wp:attachment":[{"href":"https:\/\/haerenga-voyage.com\/index.php\/wp-json\/wp\/v2\/media?parent=34"}],"curies":[{"name":"wp","href":"https:\/\/api.w.org\/{rel}","templated":true}]}}